{"id":6356,"date":"2021-03-09T10:41:13","date_gmt":"2021-03-09T08:41:13","guid":{"rendered":"https:\/\/www.daivarepeckaite.com\/?page_id=6356"},"modified":"2021-03-09T10:41:13","modified_gmt":"2021-03-09T08:41:13","slug":"portfolio-misinformation","status":"publish","type":"page","link":"https:\/\/www.daivarepeckaite.com\/en\/media-portfolio\/portfolio-misinformation\/","title":{"rendered":"Portfolio: misinformation"},"content":{"rendered":"<p><strong><a href=\"https:\/\/theinoculation.podbean.com\/e\/misinformation-in-slovakia\/\" target=\"_blank\" rel=\"noopener\">Misinformation in Slovakia<\/a><\/strong> (with Eva von Schaper): interview with misinformation expert Jakub Goda<br \/>\nThe Inoculation, 05\/03\/2021<\/p>\n<p><a href=\"https:\/\/en.rebaltica.lv\/2021\/02\/who-spreads-the-vaccine-lies-in-the-baltics\/\" target=\"_blank\" rel=\"noopener\"><strong>Who spreads the vaccine lies in the Baltics?<\/strong><\/a> (by Evita Puri\u0146a, Eva von Schaper and me, Heliis Raudsik, and Sab\u012bne B\u0113rzi\u0146a)<br \/>\nRe:Baltica, 28\/02\/2021<\/p>\n<p><a href=\"https:\/\/www.equaltimes.org\/latvia-readies-for-information-war\" target=\"_blank\" rel=\"noopener\"><strong>Latvia readies for &#8211; information &#8211; war<\/strong><\/a><br \/>\nEqual Times, 15\/04\/2016<\/p>\n","protected":false},"excerpt":{"rendered":"<p>Misinformation in Slovakia (with Eva von Schaper): interview with misinformation expert Jakub Goda The Inoculation, 05\/03\/2021 Who spreads the vaccine lies in the Baltics? (by Evita Puri\u0146a, Eva von Schaper and me, Heliis Raudsik, and Sab\u012bne B\u0113rzi\u0146a) Re:Baltica, 28\/02\/2021 Latvia readies for &#8211; information &#8211; war Equal Times, 15\/04\/2016<\/p>\n","protected":false},"author":2,"featured_media":0,"parent":1367,"menu_order":0,"comment_status":"closed","ping_status":"closed","template":"","meta":{"footnotes":""},"class_list":["post-6356","page","type-page","status-publish","hentry","no-post-thumbnail"],"_links":{"self":[{"href":"https:\/\/www.daivarepeckaite.com\/en\/wp-json\/wp\/v2\/pages\/6356","targetHints":{"allow":["GET"]}}],"collection":[{"href":"https:\/\/www.daivarepeckaite.com\/en\/wp-json\/wp\/v2\/pages"}],"about":[{"href":"https:\/\/www.daivarepeckaite.com\/en\/wp-json\/wp\/v2\/types\/page"}],"author":[{"embeddable":true,"href":"https:\/\/www.daivarepeckaite.com\/en\/wp-json\/wp\/v2\/users\/2"}],"replies":[{"embeddable":true,"href":"https:\/\/www.daivarepeckaite.com\/en\/wp-json\/wp\/v2\/comments?post=6356"}],"version-history":[{"count":1,"href":"https:\/\/www.daivarepeckaite.com\/en\/wp-json\/wp\/v2\/pages\/6356\/revisions"}],"predecessor-version":[{"id":6357,"href":"https:\/\/www.daivarepeckaite.com\/en\/wp-json\/wp\/v2\/pages\/6356\/revisions\/6357"}],"up":[{"embeddable":true,"href":"https:\/\/www.daivarepeckaite.com\/en\/wp-json\/wp\/v2\/pages\/1367"}],"wp:attachment":[{"href":"https:\/\/www.daivarepeckaite.com\/en\/wp-json\/wp\/v2\/media?parent=6356"}],"curies":[{"name":"wp","href":"https:\/\/api.w.org\/{rel}","templated":true}]}}