{"id":6150,"date":"2020-11-24T11:57:17","date_gmt":"2020-11-24T09:57:17","guid":{"rendered":"https:\/\/www.daivarepeckaite.com\/?page_id=6150"},"modified":"2020-12-05T11:53:15","modified_gmt":"2020-12-05T09:53:15","slug":"english-summary-of-my-investigation-into-alleged-mistreatment-of-women-as-they-give-birth","status":"publish","type":"page","link":"https:\/\/www.daivarepeckaite.com\/en\/media-portfolio\/english-summary-of-my-investigation-into-alleged-mistreatment-of-women-as-they-give-birth\/","title":{"rendered":"English summary of my investigation into alleged mistreatment of women as they give birth"},"content":{"rendered":"<p>The Nara podcast (translated title: <em>My childbirth feels like it&#8217;s not mine<\/em>) contains testimonies of nine women, as well as interviews with leading experts and activists. In total, I talked to 12 parents, who shared experiences from being shamed for their weight to being pressured into inducing labour without the medical reasons for this being clearly explained.<\/p>\n<p>I was inspired to embark on this project when following coverage of obstetric violence by my colleagues at NewsMavens. In 2019, I received a grant from Re:Baltica&#8217;s Fund for Others to fund the investigation. To understand the ethically challenging terrain, I consulted with experts abroad and read extensively about the medical aspects of childbirth. I interviewed activists pushing for people to be allowed more informed decisions as they give birth and got access to their survey of mothers. As the story came out, they felt that the investigation underestimates the extent of the problem (their response is published <a href=\"https:\/\/masinosdinozaurai.com\/2019\/08\/14\/mes-ne-mazuma-atsakymas-nyla\/?fbclid=IwAR3e8gaB5h8TMaP7USao_ke8pGfhXBwaoS1BnXji-66PeUNMFNs5t1_Qtiw\" target=\"_blank\" rel=\"noopener noreferrer\">here<\/a>, in Lithuanian). However, I was not able to triangulate their findings, comparing the share of certain procedures (e.g. induced birth) in their sample to official data from the Hygiene Institute. If new data sources become available, I hope I can follow up.<\/p>\n<p>The audio story (in Lithuanian) is available here:<\/p>\n<p><iframe loading=\"lazy\" style=\"border: none;\" title=\"Mano gimdymas kaip ne mano | NYLA Feature\" src=\"https:\/\/www.podbean.com\/media\/player\/audio\/postId\/12055425?url=https%3A%2F%2Fwww.podbean.com%2Few%2Fpb-z93ps-b7f381&amp;version=1\" width=\"100%\" height=\"122\" scrolling=\"no\" data-name=\"pd-iframe-player\"><\/iframe><\/p>\n<p>You can see Severina Venckut\u0117&#8217;s and other colleagues&#8217; stunning photos and some of the sources I used in the investigation <a href=\"https:\/\/nara.lt\/lt\/articles-lt\/mano-gimdymas-kaip-ne-mano\" target=\"_blank\" rel=\"noopener noreferrer\">here<\/a>. To machine-translate the story, you can use <a href=\"https:\/\/www.lrt.lt\/naujienos\/lietuvoje\/2\/1084454\/nanook-kai-gimdymas-laikomas-chirurgine-operacija\" target=\"_blank\" rel=\"noopener noreferrer\">this spin-off text<\/a> I published with the Lithuanian public broadcaster, LRT.<\/p>\n<p>Importantly, although we know where our interviewees gave birth, our team&#8217;s decision was not to name the exact hospitals or birthing homes. This is an approach Nara had already applied in their collection of #MeToo testimonies, since Nara&#8217;s focus is not to expose and blame, but to initiate debates on the impact of certain treatment on people who suffer from it. By focusing on how parents feel months and sometimes years after their traumatic birth experience, we wanted the medical establishment to feel invited into this conversation without getting defensive. The feedback we received was that we achieved this goal.<\/p>\n<p>I was the author, interviewer and editor of this investigation<br \/>\nKarolis Vy\u0161niauskas was co-editor<br \/>\nMindaugas Drigotas, Martyna \u0160ulskut\u0117 and Severina Venckut\u0117 took photos<br \/>\nKata Bitowt was the sound engineer<br \/>\nThe music is by Martynas Gailius and Kata Bitowt<br \/>\nThis investigation would have not been possible without the grant from Re:Baltica and Nara&#8217;s supporters on Patreon<\/p>\n","protected":false},"excerpt":{"rendered":"<p>The Nara podcast (translated title: My childbirth feels like it&#8217;s not mine) contains testimonies of nine women, as well as interviews with leading experts and activists. In total, I talked to 12 parents, who shared experiences from being shamed for their weight to being pressured into inducing labour without the medical reasons for this being clearly explained. I was inspired &#8230; <\/p>\n<div><a href=\"https:\/\/www.daivarepeckaite.com\/en\/media-portfolio\/english-summary-of-my-investigation-into-alleged-mistreatment-of-women-as-they-give-birth\/\" class=\"more-link\">Read More<\/a><\/div>\n","protected":false},"author":2,"featured_media":0,"parent":1367,"menu_order":0,"comment_status":"closed","ping_status":"closed","template":"","meta":{"footnotes":""},"class_list":["post-6150","page","type-page","status-publish","hentry","no-post-thumbnail"],"_links":{"self":[{"href":"https:\/\/www.daivarepeckaite.com\/en\/wp-json\/wp\/v2\/pages\/6150","targetHints":{"allow":["GET"]}}],"collection":[{"href":"https:\/\/www.daivarepeckaite.com\/en\/wp-json\/wp\/v2\/pages"}],"about":[{"href":"https:\/\/www.daivarepeckaite.com\/en\/wp-json\/wp\/v2\/types\/page"}],"author":[{"embeddable":true,"href":"https:\/\/www.daivarepeckaite.com\/en\/wp-json\/wp\/v2\/users\/2"}],"replies":[{"embeddable":true,"href":"https:\/\/www.daivarepeckaite.com\/en\/wp-json\/wp\/v2\/comments?post=6150"}],"version-history":[{"count":2,"href":"https:\/\/www.daivarepeckaite.com\/en\/wp-json\/wp\/v2\/pages\/6150\/revisions"}],"predecessor-version":[{"id":6152,"href":"https:\/\/www.daivarepeckaite.com\/en\/wp-json\/wp\/v2\/pages\/6150\/revisions\/6152"}],"up":[{"embeddable":true,"href":"https:\/\/www.daivarepeckaite.com\/en\/wp-json\/wp\/v2\/pages\/1367"}],"wp:attachment":[{"href":"https:\/\/www.daivarepeckaite.com\/en\/wp-json\/wp\/v2\/media?parent=6150"}],"curies":[{"name":"wp","href":"https:\/\/api.w.org\/{rel}","templated":true}]}}