{"id":6074,"date":"2020-07-20T15:53:53","date_gmt":"2020-07-20T12:53:53","guid":{"rendered":"https:\/\/www.daivarepeckaite.com\/?page_id=6074"},"modified":"2023-01-28T17:14:02","modified_gmt":"2023-01-28T15:14:02","slug":"portfolio-environment","status":"publish","type":"page","link":"https:\/\/www.daivarepeckaite.com\/en\/media-portfolio\/portfolio-environment\/","title":{"rendered":"Portfolio: environment"},"content":{"rendered":"<h3>Investigations<\/h3>\n<p><a href=\"https:\/\/www.daivarepeckaite.com\/en\/media-portfolio\/cinderella-cyclists\/\" target=\"_blank\" rel=\"noopener\">Cinderella Cyclists<\/a> (with Barbora Janauerov\u00e1 and Zolt\u00e1n Sipos, January 2023) \u2014 an investigation into faulty infrastructure built with EU funds in Czechia, Lithuania, Malta, and Romania, published in EUobserver, LRT radio, A2larm magazine, and \u00c1tl\u00e1tszo Erd\u00e9ly<\/p>\n<a href=\"https:\/\/www.daivarepeckaite.com\/en\/media-portfolio\/chainsaw-landscaping-collaborative-project-on-biodiversity-funding-used-to-cut-trees-in-trakai\/\" title=\"Chainsaw Landscaping: collaborative project on biodiversity funding used to cut trees in Trakai\">Chainsaw landscaping<\/a>: an investigation into the use of biodiversity funding to support aggressive interventions into the green areas of Trakai. Articles in English:<\/p>\n<ul>\n<li><a href=\"https:\/\/www.greeneuropeanjournal.eu\/more-harm-than-good-the-misuse-of-european-biodiversity-funds\/\" target=\"_blank\" rel=\"noopener\">More harm than good \u2013 the misuse of European biodiversity funds<\/a> (with Vaida Pilibaityt\u0117 and Elena Reimeryt\u0117, Green European Journal, 02\/08\/2022)<\/li>\n<li><a href=\"https:\/\/euobserver.com\/climate\/153302\" target=\"_blank\" rel=\"noopener\">Lithuania &#8211; where &#8216;biodiversity funding&#8217; is cutting down trees<\/a> (with Vaida Pilibaityt\u0117 and Elena Reimeryt\u0117, EUObserver, 22\/10\/2021)<\/li>\n<\/ul>\n<p><a href=\"https:\/\/www.equaltimes.org\/can-malta-tackle-its-traffic\" target=\"_blank\" rel=\"noopener noreferrer\">Can Malta tackle its traffic problem?<\/a> (Equal Times, 01\/08\/2018)<\/p>\n<p><a href=\"http:\/\/www.equaltimes.org\/baltic-pig-farmers-devastated-by#.V-PEnHu9b6g\" target=\"_blank\" rel=\"noopener noreferrer\">Baltic farmers devastated by swine virus <\/a>(Equal Times, 22\/09\/2016)<\/p>\n<h3>Interviews<\/h3>\n<p><a href=\"https:\/\/www.um.edu.mt\/think\/moving-energetically-ahead\/\" target=\"_blank\" rel=\"noopener noreferrer\">Moving energetically ahead<\/a> (THINK magazine, December 2019)<\/p>\n<p><a href=\"https:\/\/rethinkmalta.podbean.com\/e\/swimming-in-a-soup-of-microplastic\/\" target=\"_blank\" rel=\"noopener noreferrer\">Swimming in a soup of microplastic<\/a> (ReThink, 14\/04\/2020)<\/p>\n<p><a href=\"https:\/\/rethinkmalta.podbean.com\/e\/monitoring-harmful-fumes-%E2%80%93-from-a-lighthouse\/\" target=\"_blank\" rel=\"noopener noreferrer\">Monitoring harmful fumes &#8211; from a lighthouse<\/a> (ReThink, 21\/04\/2020)<\/p>\n<p><a href=\"https:\/\/rethinkmalta.podbean.com\/e\/we-need-to-remove-cars-from-the-roads\/\" target=\"_blank\" rel=\"noopener noreferrer\">We need to remove cars from the roads<\/a> (ReThink, 03\/03\/2020)<\/p>\n<p><a href=\"https:\/\/rethinkmalta.podbean.com\/e\/can-concrete-be-sustainable\/\" target=\"_blank\" rel=\"noopener noreferrer\">Can concrete be sustainable?<\/a> (ReThink, 07\/04\/2020)<\/p>\n<p><a href=\"https:\/\/rethinkmalta.podbean.com\/e\/pollinators-welcome-maltas-green-roof-experiment\/\" target=\"_blank\" rel=\"noopener noreferrer\">Pollinators welcome: Malta&#8217;s green roof experiment<\/a> (ReThink, 17\/03\/2020)<\/p>\n<h3><strong>Analysis<\/strong><\/h3>\n<p><a href=\"https:\/\/www.equaltimes.org\/water-futures-the-latest\" target=\"_blank\" rel=\"noopener\">Water futures: the latest battleground in the defence of the fundamental right to water<\/a> (Equal Times, 03\/02\/2021)<\/p>\n<p><a href=\"https:\/\/www.lrt.lt\/en\/news-in-english\/19\/1184340\/does-transforming-vilnius-into-an-open-air-cafe-exclude-people\" target=\"_blank\" rel=\"noopener noreferrer\">Does transforming Vilnius into an open-air cafe exclude people<\/a> (LRT English, June 2020)<\/p>\n<p><a href=\"https:\/\/www.dw.com\/en\/living-planet-malta-tries-turning-bird-trappers-into-scientists\/av-55507588\" target=\"_blank\" rel=\"noopener noreferrer\">Malta tries turning bird trappers into citizen scientists<\/a> (DW Living Planet, 11\/05\/2020)<\/p>\n<h3>Multimedia<\/h3>\n<p><a href=\"https:\/\/www.dw.com\/en\/losing-sight-of-the-seasons-in-lithuania\/av-62011479\" target=\"_blank\" rel=\"noopener\">Losing sight of the seasons in Lithuania<\/a> (Deutsche Welle Living Planet, June 2022)<\/p>\n<p><a href=\"https:\/\/twitter.com\/dw_environment\/status\/1263438137633767424?s=19\" target=\"_blank\" rel=\"noopener noreferrer\">Cycling in Malta<\/a> (Deutsche Welle Global Ideas, May 2020)<\/p>\n<p><a href=\"https:\/\/twitter.com\/dw_environment\/status\/1254310996480389120?s=19\" target=\"_blank\" rel=\"noopener noreferrer\">Food swapping in Malta<\/a> (Deutsche Welle Global Ideas, April 2020)<\/p>\n","protected":false},"excerpt":{"rendered":"<p>Investigations Cinderella Cyclists (with Barbora Janauerov\u00e1 and Zolt\u00e1n Sipos, January 2023) \u2014 an investigation into faulty infrastructure built with EU funds in Czechia, Lithuania, Malta, and Romania, published in EUobserver, LRT radio, A2larm magazine, and \u00c1tl\u00e1tszo Erd\u00e9ly : an investigation into the use of biodiversity funding to support aggressive interventions into the green areas of Trakai. Articles in English: More &#8230; <\/p>\n<div><a href=\"https:\/\/www.daivarepeckaite.com\/en\/media-portfolio\/portfolio-environment\/\" class=\"more-link\">Read More<\/a><\/div>\n","protected":false},"author":2,"featured_media":4192,"parent":1367,"menu_order":0,"comment_status":"closed","ping_status":"closed","template":"","meta":{"footnotes":""},"class_list":["post-6074","page","type-page","status-publish","has-post-thumbnail","hentry"],"_links":{"self":[{"href":"https:\/\/www.daivarepeckaite.com\/en\/wp-json\/wp\/v2\/pages\/6074","targetHints":{"allow":["GET"]}}],"collection":[{"href":"https:\/\/www.daivarepeckaite.com\/en\/wp-json\/wp\/v2\/pages"}],"about":[{"href":"https:\/\/www.daivarepeckaite.com\/en\/wp-json\/wp\/v2\/types\/page"}],"author":[{"embeddable":true,"href":"https:\/\/www.daivarepeckaite.com\/en\/wp-json\/wp\/v2\/users\/2"}],"replies":[{"embeddable":true,"href":"https:\/\/www.daivarepeckaite.com\/en\/wp-json\/wp\/v2\/comments?post=6074"}],"version-history":[{"count":11,"href":"https:\/\/www.daivarepeckaite.com\/en\/wp-json\/wp\/v2\/pages\/6074\/revisions"}],"predecessor-version":[{"id":6604,"href":"https:\/\/www.daivarepeckaite.com\/en\/wp-json\/wp\/v2\/pages\/6074\/revisions\/6604"}],"up":[{"embeddable":true,"href":"https:\/\/www.daivarepeckaite.com\/en\/wp-json\/wp\/v2\/pages\/1367"}],"wp:featuredmedia":[{"embeddable":true,"href":"https:\/\/www.daivarepeckaite.com\/en\/wp-json\/wp\/v2\/media\/4192"}],"wp:attachment":[{"href":"https:\/\/www.daivarepeckaite.com\/en\/wp-json\/wp\/v2\/media?parent=6074"}],"curies":[{"name":"wp","href":"https:\/\/api.w.org\/{rel}","templated":true}]}}