{"id":4055,"date":"2015-03-31T12:43:42","date_gmt":"2015-03-31T09:43:42","guid":{"rendered":"http:\/\/www.daivarepeckaite.com\/?page_id=4055"},"modified":"2018-07-03T15:14:59","modified_gmt":"2018-07-03T12:14:59","slug":"portfolio-youth","status":"publish","type":"page","link":"https:\/\/www.daivarepeckaite.com\/en\/media-portfolio\/portfolio-youth\/","title":{"rendered":"Portfolio: youth"},"content":{"rendered":"<p><a href=\"http:\/\/www.dw.com\/en\/lithuania-alcohol-loses-its-coolness-tag\/a-42375772\" target=\"_blank\" rel=\"noopener\">Lithuania: alcohol loses its &#8216;coolness&#8217; tag\u00a0<\/a>(Deutsche Welle, 31\/01\/2018)<\/p>\n<p><a href=\"http:\/\/www.spiegel.de\/politik\/ausland\/eigenheim-oder-mietwohnung-so-wohnt-europa-a-1050965.html\" target=\"_blank\" rel=\"noopener\">Eigenheime in Europa: ich wohne, also bin ich\u00a0<\/a>(Spiegel Online, in German, 09\/09\/2015)<\/p>\n<p><a href=\"http:\/\/newint.org\/features\/2015\/05\/01\/lithuania-militarization\/\" target=\"_blank\" rel=\"noopener\">War nerves<\/a> (New Internationalist, May 2015, pp. 38-39)<\/p>\n<p><a href=\"http:\/\/blogs.forward.com\/forward-thinking\/216307\/are-lithuania-s-swastika-studded-marchers-really\/?\" target=\"_blank\" rel=\"noopener\">Are Lithuania\u2019s Swastika-Studded Marchers Really \u2018Fascists\u2019?<\/a> (Forward Thinking, 10\/03\/2015)<\/p>\n<p><a href=\"http:\/\/www.cafebabel.co.uk\/article\/35746\/istanbul-political-apolitical-canteens-separated.html\" target=\"_blank\" rel=\"noopener\">Political life of students in Istanbul<\/a> (with Emmanuel Haddad, FR\/EN, Cafe Babel, 16\/11\/2010)<\/p>\n<p><a href=\"http:\/\/www.equaltimes.org\/news\/what-changes-will-lithuanian-education-reforms-bring\" target=\"_blank\" rel=\"noopener\">What changes will the Lithuanian education reform bring?<\/a> (Equal Times, 26\/02\/2013)<\/p>\n<p><a href=\"http:\/\/www.cafebabel.co.uk\/article\/44262\/tomas-sileika-skyders-lithuania-leftist-music-band.html\" target=\"_blank\" rel=\"noopener\">Tomas \u0160ileika: \u2018We sing about what hurts in Lithuania\u2019<\/a> (Cafe Babel, 23\/05\/2013)<\/p>\n<p><a href=\"http:\/\/www.cafebabel.co.uk\/article\/43929\/lithuania-entrepeneur-youth-crisis-vox-pop.html\" target=\"_blank\" rel=\"noopener\">LinkedIn Lithuania: crisis is catastrotunity for creative entrepreneurs<\/a> (Cafe Babel, 10\/04\/2013)<\/p>\n<p><strong>In Lithuanian<\/strong><\/p>\n<p><a href=\"http:\/\/myep.delfi.lt\/dirbk-es\/nemokamu-praktiku-kultura-ar-verta-rinktis.d?id=62310679\" target=\"_blank\" rel=\"noopener\">Nemokam\u0173 praktik\u0173 kult\u016bra: ar verta rinktis?<\/a> (The culture of unpaid internships: is it worth it? Euroblogas and Delfi, 11\/09\/2013)<\/p>\n<p><a href=\"http:\/\/www.delfi.lt\/news\/ringas\/lit\/mokyklos-reformuokime-tai-kas-blogiausia.d?id=23753747\" target=\"_blank\" rel=\"noopener\">Mokyklos: reformuokite tai, kas blogiausia<\/a> (Schools: reform what&#8217;s worst; Delfi)<\/p>\n<p><a href=\"http:\/\/lzinios.lt\/lzinios\/Keliones\/del-nemokamo-mokslo-tailande-i-vienuolius-arba-pastorius\/216638\" target=\"_blank\" rel=\"noopener\">D\u0117l nemokamo mokslo Tailande \u2013 \u012f vienuolius arba pastorius<\/a> (Becoming a monk or pastor in search for free education in Thailand, Kauno \u017einios, reprinted in Lietuvos \u017einios)<\/p>\n","protected":false},"excerpt":{"rendered":"<p>Lithuania: alcohol loses its &#8216;coolness&#8217; tag\u00a0(Deutsche Welle, 31\/01\/2018) Eigenheime in Europa: ich wohne, also bin ich\u00a0(Spiegel Online, in German, 09\/09\/2015) War nerves (New Internationalist, May 2015, pp. 38-39) Are Lithuania\u2019s Swastika-Studded Marchers Really \u2018Fascists\u2019? (Forward Thinking, 10\/03\/2015) Political life of students in Istanbul (with Emmanuel Haddad, FR\/EN, Cafe Babel, 16\/11\/2010) What changes will the Lithuanian education reform bring? (Equal Times, &#8230; <\/p>\n<div><a href=\"https:\/\/www.daivarepeckaite.com\/en\/media-portfolio\/portfolio-youth\/\" class=\"more-link\">Read More<\/a><\/div>\n","protected":false},"author":2,"featured_media":0,"parent":1367,"menu_order":0,"comment_status":"open","ping_status":"open","template":"","meta":{"footnotes":""},"class_list":["post-4055","page","type-page","status-publish","hentry","no-post-thumbnail"],"_links":{"self":[{"href":"https:\/\/www.daivarepeckaite.com\/en\/wp-json\/wp\/v2\/pages\/4055","targetHints":{"allow":["GET"]}}],"collection":[{"href":"https:\/\/www.daivarepeckaite.com\/en\/wp-json\/wp\/v2\/pages"}],"about":[{"href":"https:\/\/www.daivarepeckaite.com\/en\/wp-json\/wp\/v2\/types\/page"}],"author":[{"embeddable":true,"href":"https:\/\/www.daivarepeckaite.com\/en\/wp-json\/wp\/v2\/users\/2"}],"replies":[{"embeddable":true,"href":"https:\/\/www.daivarepeckaite.com\/en\/wp-json\/wp\/v2\/comments?post=4055"}],"version-history":[{"count":6,"href":"https:\/\/www.daivarepeckaite.com\/en\/wp-json\/wp\/v2\/pages\/4055\/revisions"}],"predecessor-version":[{"id":5585,"href":"https:\/\/www.daivarepeckaite.com\/en\/wp-json\/wp\/v2\/pages\/4055\/revisions\/5585"}],"up":[{"embeddable":true,"href":"https:\/\/www.daivarepeckaite.com\/en\/wp-json\/wp\/v2\/pages\/1367"}],"wp:attachment":[{"href":"https:\/\/www.daivarepeckaite.com\/en\/wp-json\/wp\/v2\/media?parent=4055"}],"curies":[{"name":"wp","href":"https:\/\/api.w.org\/{rel}","templated":true}]}}