{"id":4050,"date":"2015-03-29T17:38:57","date_gmt":"2015-03-29T14:38:57","guid":{"rendered":"http:\/\/www.daivarepeckaite.com\/?page_id=4050"},"modified":"2022-08-18T13:35:25","modified_gmt":"2022-08-18T10:35:25","slug":"portfolio-travel","status":"publish","type":"page","link":"https:\/\/www.daivarepeckaite.com\/en\/media-portfolio\/portfolio-travel\/","title":{"rendered":"Portfolio: travel"},"content":{"rendered":"<p class=\"editable\" data-django-attribute=\"title\" data-ckeditor-profile=\"mini\"><a href=\"https:\/\/twitter.com\/i\/moments\/810181724856549376\" target=\"_blank\" rel=\"noopener noreferrer\">Collection on Twitter Moments<\/a><\/p>\n<p data-django-attribute=\"title\" data-ckeditor-profile=\"mini\"><a href=\"https:\/\/www.hiddeneurope.eu\/wild-bites-foraging-in-malta\" target=\"_blank\" rel=\"noopener\"><b><\/b>Wild bites: foraging in Malta<\/a> (Hidden Europe 65)<\/p>\n<p data-django-attribute=\"title\" data-ckeditor-profile=\"mini\"><a href=\"https:\/\/horizonguides.com\/journal\/overtourism-in-malta\" target=\"_blank\" rel=\"noopener noreferrer\">Paradise lost <\/a>(Horizon Guides, February 2020)<\/p>\n<p data-django-attribute=\"title\" data-ckeditor-profile=\"mini\"><a href=\"http:\/\/www.theguardian.com\/cities\/2015\/aug\/11\/insiders-cultural-guide-kaunas-lithuania-fashion-police\" target=\"_blank\" rel=\"noopener noreferrer\">An insider\u2019s cultural guide to Kaunas: no more \u2018fashion police\u2019, promise <\/a>(the Guardian, 11\/08\/2015)<\/p>\n<p class=\"editable\" data-django-attribute=\"title\" data-ckeditor-profile=\"mini\"><a href=\"https:\/\/www.daivarepeckaite.com\/en\/2016\/06\/lake-vistytis-natural-wonders-and-border-tourism\/\" title=\"Lake Vi\u0161tytis: natural wonders and border tourism\">Lake Vi\u0161tytis: natural wonders and border tourism<\/a> (#MyWonderfulEurope campaign, 09\/06\/2016)<\/p>\n<p class=\"editable\" data-django-attribute=\"title\" data-ckeditor-profile=\"mini\"><a href=\"http:\/\/www.cafebabel.co.uk\/society\/article\/seven-wonder-tips-to-visit-post-revolution-egypt.html\" target=\"_blank\" rel=\"noopener noreferrer\">Seven (wonder) tips to visit post-revolution Egypt<\/a> (Cafe Babel, 07\/05\/2011)<\/p>\n<p class=\"editable\" data-django-attribute=\"title\" data-ckeditor-profile=\"mini\"><a href=\"http:\/\/www.cafebabel.co.uk\/the-israel-blog\/article\/guide-the-curiosity-of-tel-avivs-dog-gay-and-religious-beaches.html\" target=\"_blank\" rel=\"noopener noreferrer\">Guide: the curiosity of Tel Aviv&#8217;s dog, gay and religious beaches<\/a> (Cafe Babel, 09\/11\/2009)<\/p>\n<p class=\"editable\" data-django-attribute=\"title\" data-ckeditor-profile=\"mini\"><strong>In Lithuanian<\/strong><\/p>\n<div class=\"heading-bar\">\n<a href=\"https:\/\/www.daivarepeckaite.com\/2016\/06\/kelione-i-vistyti-gamtos-stebuklai-ir-sienu-turizmas\/\" title=\"Kelion\u0117 \u012f Vi\u0161tyt\u012f: gamtos stebuklai ir sien\u0173 turizmas\">Kelion\u0117 \u012f Vi\u0161tyt\u012f: gamtos stebuklai ir sien\u0173 turizmas<\/a> (#MyWonderfulEurope kampanija, 09\/06\/2016)<\/p>\n<p><a href=\"http:\/\/www.pazinkeuropa.lt\/euroblogas\/savaites-temos\/nusikaltimai-1248\/ramiai-uzmigau-traukinyje-budapestas-varsuva-ir-atsibudau-be-fotoaparato-1250\" target=\"_blank\" rel=\"noopener noreferrer\">Ramiai u\u017emigau traukinyje Budape\u0161tas \u2013 Var\u0161uva ir atsibudau be fotoaparato<\/a> (I fell asleep on the Budapest-Warsaw train and woke up without my camera; Euroblogas, 03\/09\/2014)<\/p>\n<p><a href=\"http:\/\/www.pazinkeuropa.lt\/euroblogas\/savaites-temos\/vasara-europoje-ii-1236\/vandenyne-isvirusios-zuvys-saltyje-veikiantys-kondicionieriai-ir-kitos-karscio-salcio-istorijos-1240\" target=\"_blank\" rel=\"noopener noreferrer\">Vandenyne i\u0161virusios \u017euvys, \u0161altyje veikiantys kondicionieriai ir kitos kar\u0161\u010dio\u2013\u0161al\u010dio istorijos<\/a> (Fish boiling in ocean, AC operating in cold and other stories of heat and cold; Euroblogas, 27\/08\/2014)<\/p>\n<p><a href=\"http:\/\/www.pazinkeuropa.lt\/euroblogas\/savaites-temos\/atostogos-ir-europa-1163\/ar-negaila-vasaros-atostogu-mokslams-1165\" target=\"_blank\" rel=\"noopener noreferrer\">Ar negaila vasaros atostog\u0173 mokslams?<\/a> (Isn&#8217;t it a waste to spend summer vacations on training? Euroblogas, 16\/06\/2014)<\/p>\n<p><a href=\"http:\/\/laimikis.lt\/tel-avivo-sienos-polilogo-vieta\/\" target=\"_blank\" rel=\"noopener noreferrer\">Tel Avivo sienos \u2013 polilogo vieta<\/a> (Walls of Tel Aviv &#8211; a place for polylog, laimikis.lt, 26\/02\/2010)<\/p>\n<p>&nbsp;<\/p>\n<p>&nbsp;<\/p>\n<\/div>\n","protected":false},"excerpt":{"rendered":"<p>Collection on Twitter Moments Wild bites: foraging in Malta (Hidden Europe 65) Paradise lost (Horizon Guides, February 2020) An insider\u2019s cultural guide to Kaunas: no more \u2018fashion police\u2019, promise (the Guardian, 11\/08\/2015) (#MyWonderfulEurope campaign, 09\/06\/2016) Seven (wonder) tips to visit post-revolution Egypt (Cafe Babel, 07\/05\/2011) Guide: the curiosity of Tel Aviv&#8217;s dog, gay and religious beaches (Cafe Babel, 09\/11\/2009) In &#8230; <\/p>\n<div><a href=\"https:\/\/www.daivarepeckaite.com\/en\/media-portfolio\/portfolio-travel\/\" class=\"more-link\">Read More<\/a><\/div>\n","protected":false},"author":2,"featured_media":0,"parent":1367,"menu_order":0,"comment_status":"open","ping_status":"open","template":"","meta":{"footnotes":""},"class_list":["post-4050","page","type-page","status-publish","hentry","no-post-thumbnail"],"_links":{"self":[{"href":"https:\/\/www.daivarepeckaite.com\/en\/wp-json\/wp\/v2\/pages\/4050","targetHints":{"allow":["GET"]}}],"collection":[{"href":"https:\/\/www.daivarepeckaite.com\/en\/wp-json\/wp\/v2\/pages"}],"about":[{"href":"https:\/\/www.daivarepeckaite.com\/en\/wp-json\/wp\/v2\/types\/page"}],"author":[{"embeddable":true,"href":"https:\/\/www.daivarepeckaite.com\/en\/wp-json\/wp\/v2\/users\/2"}],"replies":[{"embeddable":true,"href":"https:\/\/www.daivarepeckaite.com\/en\/wp-json\/wp\/v2\/comments?post=4050"}],"version-history":[{"count":7,"href":"https:\/\/www.daivarepeckaite.com\/en\/wp-json\/wp\/v2\/pages\/4050\/revisions"}],"predecessor-version":[{"id":6490,"href":"https:\/\/www.daivarepeckaite.com\/en\/wp-json\/wp\/v2\/pages\/4050\/revisions\/6490"}],"up":[{"embeddable":true,"href":"https:\/\/www.daivarepeckaite.com\/en\/wp-json\/wp\/v2\/pages\/1367"}],"wp:attachment":[{"href":"https:\/\/www.daivarepeckaite.com\/en\/wp-json\/wp\/v2\/media?parent=4050"}],"curies":[{"name":"wp","href":"https:\/\/api.w.org\/{rel}","templated":true}]}}