{"id":4044,"date":"2015-03-29T17:17:58","date_gmt":"2015-03-29T14:17:58","guid":{"rendered":"http:\/\/www.daivarepeckaite.com\/?page_id=4044"},"modified":"2022-08-18T13:47:22","modified_gmt":"2022-08-18T10:47:22","slug":"portfolio-entrepreneurship","status":"publish","type":"page","link":"https:\/\/www.daivarepeckaite.com\/en\/media-portfolio\/portfolio-entrepreneurship\/","title":{"rendered":"Portfolio: entrepreneurship"},"content":{"rendered":"<p><a href=\"https:\/\/www.um.edu.mt\/think\/innovators-play-a-different-game\/\" target=\"_blank\" rel=\"noopener noreferrer\">Innovators play a different game<\/a> (interview with Rapelang Rabana, THINK magazine, June 2020)<\/p>\n<p><a href=\"https:\/\/www.um.edu.mt\/think\/one-crop-greener-the-whole-planet-cleaner\/\" target=\"_blank\" rel=\"noopener noreferrer\">One crop greener; the whole planet cleaner<\/a> (THINK magazine, June 2020)<\/p>\n<p><a href=\"https:\/\/cryptonews.com\/exclusives\/meet-leon-and-marcus-owners-of-half-bitcoin-atms-in-malta-1048.htm\" target=\"_blank\" rel=\"noopener noreferrer\">Meet Leon and Marcus, owners of half bitcoin ATMs in Malta<\/a> (CryptoNews, 19\/01\/2018)<\/p>\n<p><a href=\"http:\/\/en.delfi.lt\/lithuania\/society\/creativity-and-boredom-in-a-lithuanian-town-coping-with-globalisation.d?id=69873330\" target=\"_blank\" rel=\"noopener noreferrer\">Creativity and boredom in a Lithuanian town coping with globalisation<\/a> (LT Daily, 17\/12\/2015)<\/p>\n<p><a href=\"https:\/\/cafebabel.com\/en\/article\/linkedin-lithuania-crisis-is-catastrotunity-for-creative-entrepreneurs-5ae00880f723b35a145e3aea\/\" target=\"_blank\" rel=\"noopener noreferrer\">LinkedIn Lithuania: crisis is catastrotunity for creative entrepreneurs<\/a> (Cafe Babel, 10\/04\/2013)<\/p>\n<p><strong>In Lithuanian:<\/strong><\/p>\n<div class=\"heading-bar\">\n<p><a href=\"http:\/\/www.verslopietus.lt\/levandu-oaze-ir-hobis-ir-verslas\/\" target=\"_blank\" rel=\"noopener noreferrer\">Levand\u0173 oaz\u0117 &#8211; ir hobis, ir verslas<\/a> (interview with J\u016brat\u0117 Lankauskait\u0117 Kreg\u017edien\u0117, Verslo piet\u016bs, 2018-03-18)<\/p>\n<p><a href=\"http:\/\/euroblogas.lt\/2015\/04\/23\/virtualios-matavimosi-kabinos-ikurejas-es-pamazu-naikina-kliutis-el-prekybai\/\" target=\"_blank\" rel=\"noopener noreferrer\">Virtualios matavimosi kabinos \u012fk\u016br\u0117jas: ES pama\u017eu naikina kli\u016btis el. prekybai<\/a> (interview with Heikki Haldre, founder of Fits.me, a virtual fitting room, Euroblogas,\u00a02015-04-23)<\/p>\n<p><a href=\"http:\/\/euroblogas.lt\/2016\/03\/15\/vilnietis-matematikas-kuria-sistema-kaip-uzsidirbti-negaunant-pinigu\/\" target=\"_blank\" rel=\"noopener noreferrer\">Vilnietis matematikas kuria sistem\u0105, kaip u\u017edirbti negaunant pinig\u0173<\/a> (Mathematician from Vilnius is creating a system to earn for work without using money, Euroblogas, 2016-03-15)<\/p>\n<p><a href=\"http:\/\/euroblogas.lt\/2015\/03\/30\/ko-reikia-sekmingam-verslui-tailando-pamokos\/\" target=\"_blank\" rel=\"noopener noreferrer\">Ko reikia s\u0117kmingam verslui: Tailando pamokos<\/a> (What does it take to start a successful business: lessons from Thailand; Euroblogas, 30\/03\/2015)<\/p>\n<p><a href=\"http:\/\/www.pazinkeuropa.lt\/euroblogas\/savaites-temos\/technologijos-1333\/ar-it-geeku-pasaulis-atsiaurus-merginoms-1336\" target=\"_blank\" rel=\"noopener noreferrer\">Ar IT \u201egeek&#8217;\u0173\u201c pasaulis at\u0161iaurus merginoms?<\/a> (Is the world of IT geeks hostile to girls? Euroblogas, 06\/11\/2014)<\/p>\n<p><a href=\"http:\/\/www.bznstart.lt\/verslas\/verslo-salygos\/2733\/Keturios-priezastys-kodel-tvarka-ir-chaosas-Izraelyje-padeda-vystyti-kurybiskuma\" target=\"_blank\" rel=\"noopener noreferrer\">Keturios prie\u017eastys, kod\u0117l tvarka ir chaosas Izraelyje padeda vystyti k\u016brybi\u0161kum\u0105<\/a> (Four reasons why order and chaos in Israel bolster creativity, BZN Start, 18\/01\/2016)<\/p>\n<\/div>\n","protected":false},"excerpt":{"rendered":"<p>Innovators play a different game (interview with Rapelang Rabana, THINK magazine, June 2020) One crop greener; the whole planet cleaner (THINK magazine, June 2020) Meet Leon and Marcus, owners of half bitcoin ATMs in Malta (CryptoNews, 19\/01\/2018) Creativity and boredom in a Lithuanian town coping with globalisation (LT Daily, 17\/12\/2015) LinkedIn Lithuania: crisis is catastrotunity for creative entrepreneurs (Cafe Babel, &#8230; <\/p>\n<div><a href=\"https:\/\/www.daivarepeckaite.com\/en\/media-portfolio\/portfolio-entrepreneurship\/\" class=\"more-link\">Read More<\/a><\/div>\n","protected":false},"author":2,"featured_media":0,"parent":1367,"menu_order":0,"comment_status":"open","ping_status":"open","template":"","meta":{"footnotes":""},"class_list":["post-4044","page","type-page","status-publish","hentry","no-post-thumbnail"],"_links":{"self":[{"href":"https:\/\/www.daivarepeckaite.com\/en\/wp-json\/wp\/v2\/pages\/4044","targetHints":{"allow":["GET"]}}],"collection":[{"href":"https:\/\/www.daivarepeckaite.com\/en\/wp-json\/wp\/v2\/pages"}],"about":[{"href":"https:\/\/www.daivarepeckaite.com\/en\/wp-json\/wp\/v2\/types\/page"}],"author":[{"embeddable":true,"href":"https:\/\/www.daivarepeckaite.com\/en\/wp-json\/wp\/v2\/users\/2"}],"replies":[{"embeddable":true,"href":"https:\/\/www.daivarepeckaite.com\/en\/wp-json\/wp\/v2\/comments?post=4044"}],"version-history":[{"count":11,"href":"https:\/\/www.daivarepeckaite.com\/en\/wp-json\/wp\/v2\/pages\/4044\/revisions"}],"predecessor-version":[{"id":6500,"href":"https:\/\/www.daivarepeckaite.com\/en\/wp-json\/wp\/v2\/pages\/4044\/revisions\/6500"}],"up":[{"embeddable":true,"href":"https:\/\/www.daivarepeckaite.com\/en\/wp-json\/wp\/v2\/pages\/1367"}],"wp:attachment":[{"href":"https:\/\/www.daivarepeckaite.com\/en\/wp-json\/wp\/v2\/media?parent=4044"}],"curies":[{"name":"wp","href":"https:\/\/api.w.org\/{rel}","templated":true}]}}